{"id":744,"date":"2020-01-12T10:18:09","date_gmt":"2020-01-12T10:18:09","guid":{"rendered":"http:\/\/www.kranprofisallgaeu.de\/?page_id=744"},"modified":"2024-03-11T17:49:36","modified_gmt":"2024-03-11T16:49:36","slug":"uvv-pruefung","status":"publish","type":"page","link":"https:\/\/www.kranprofisallgaeu.de\/?page_id=744","title":{"rendered":"UVV \/ Pr\u00fcfung"},"content":{"rendered":"\n<p>Die\nbei jeglicher Ver\u00e4nderung Ihres Kranes erforderliche SK-Abnahme wird\ndurch einen unserer\nKransachkundigen druchgef\u00fchrt. Anschlie\u00dfend\nsenden wir Ihnen ein zugeh\u00f6riges Protokoll an die von Ihnen\ngew\u00fcnschte Adresse.<\/p>\n\n\n\n<p>Bei Bedarf organisieren wir Ihnen auch eine Sachverst\u00e4ndigen\u00fcberpr\u00fcfung. Zudem helfen wir Ihnen gerne bei der Termin\u00fcberwachung der SV-Pr\u00fcfungszeitpunkte Ihrer Krane, mit einem Sachverst\u00e4ndigen f\u00fcr Turmdrehkrane.<\/p>\n\n\n\n<ul class=\"wp-block-list\"><li><strong>Turmdrehkrane<\/strong><\/li><li><strong>Br\u00fccken- \/Portalkrane<\/strong><\/li><li><strong>Mobilkrane<\/strong><\/li><li><strong>Anschlagmittel<\/strong><\/li><li><strong>Lastaufnahmemittel<\/strong><\/li><\/ul>\n\n\n\n<p>&nbsp;<\/p>\n<p>&nbsp;<\/p>\n","protected":false},"excerpt":{"rendered":"<p>Die bei jeglicher Ver\u00e4nderung Ihres Kranes erforderliche SK-Abnahme wird durch einen unserer Kransachkundigen druchgef\u00fchrt. Anschlie\u00dfend senden wir Ihnen ein zugeh\u00f6riges Protokoll an die von Ihnen gew\u00fcnschte Adresse. Bei Bedarf organisieren wir Ihnen auch eine Sachverst\u00e4ndigen\u00fcberpr\u00fcfung. Zudem helfen wir Ihnen gerne &hellip; <a href=\"https:\/\/www.kranprofisallgaeu.de\/?page_id=744\">Weiterlesen <span class=\"meta-nav\">&rarr;<\/span><\/a><\/p>\n","protected":false},"author":3,"featured_media":1080,"parent":696,"menu_order":3,"comment_status":"closed","ping_status":"closed","template":"","meta":{"footnotes":""},"class_list":["post-744","page","type-page","status-publish","has-post-thumbnail","hentry"],"_links":{"self":[{"href":"https:\/\/www.kranprofisallgaeu.de\/index.php?rest_route=\/wp\/v2\/pages\/744","targetHints":{"allow":["GET"]}}],"collection":[{"href":"https:\/\/www.kranprofisallgaeu.de\/index.php?rest_route=\/wp\/v2\/pages"}],"about":[{"href":"https:\/\/www.kranprofisallgaeu.de\/index.php?rest_route=\/wp\/v2\/types\/page"}],"author":[{"embeddable":true,"href":"https:\/\/www.kranprofisallgaeu.de\/index.php?rest_route=\/wp\/v2\/users\/3"}],"replies":[{"embeddable":true,"href":"https:\/\/www.kranprofisallgaeu.de\/index.php?rest_route=%2Fwp%2Fv2%2Fcomments&post=744"}],"version-history":[{"count":6,"href":"https:\/\/www.kranprofisallgaeu.de\/index.php?rest_route=\/wp\/v2\/pages\/744\/revisions"}],"predecessor-version":[{"id":933,"href":"https:\/\/www.kranprofisallgaeu.de\/index.php?rest_route=\/wp\/v2\/pages\/744\/revisions\/933"}],"up":[{"embeddable":true,"href":"https:\/\/www.kranprofisallgaeu.de\/index.php?rest_route=\/wp\/v2\/pages\/696"}],"wp:featuredmedia":[{"embeddable":true,"href":"https:\/\/www.kranprofisallgaeu.de\/index.php?rest_route=\/wp\/v2\/media\/1080"}],"wp:attachment":[{"href":"https:\/\/www.kranprofisallgaeu.de\/index.php?rest_route=%2Fwp%2Fv2%2Fmedia&parent=744"}],"curies":[{"name":"wp","href":"https:\/\/api.w.org\/{rel}","templated":true}]}}