{"id":740,"date":"2020-01-12T10:17:27","date_gmt":"2020-01-12T10:17:27","guid":{"rendered":"http:\/\/www.kranprofisallgaeu.de\/?page_id=740"},"modified":"2024-03-11T17:49:05","modified_gmt":"2024-03-11T16:49:05","slug":"reparatur-ersatzteile","status":"publish","type":"page","link":"https:\/\/www.kranprofisallgaeu.de\/?page_id=740","title":{"rendered":"Reparatur \/ Ersatzteile"},"content":{"rendered":"\n<h2 class=\"wp-block-heading\">Reparatur<\/h2>\n\n\n\n<p>Viele verschiedene Reparaturen und Wartungsarbeiten, wie zum Beispiel Fehleranalysen, Notfallreparaturen, Notfallbereitschaften u. v. m. bieten wir Ihnen auch am Wochenende an. Bei Bedarf k\u00f6nnen wir die Wartungsintervalle auch in Ihr QM-System einbinden.<\/p>\n\n\n\n<p><\/p>\n\n\n\n<h2 class=\"wp-block-heading\">Ersatzteile<\/h2>\n\n\n\n<p>Wenn Sie Original- sowie Alternativersatzteile in Erstausr\u00fcsterqualit\u00e4t ben\u00f6tigen, k\u00f6nnen Sie diese bei uns per Telefon unter (08346) 98 29 -0 anfragen. <\/p>\n\n\n\n<p>Wir helfen Ihnen gerne weiter!<\/p>\n\n\n\n<ul class=\"wp-block-list\"><li><strong>Turmdrehkrane<\/strong><\/li><li><strong>Br\u00fccken- \/Portalkrane<\/strong><\/li><li><strong>Mobilkrane<\/strong><\/li><\/ul>\n\n\n\n<p>&nbsp;<\/p>\n<p>&nbsp;<\/p>\n","protected":false},"excerpt":{"rendered":"<p>Reparatur Viele verschiedene Reparaturen und Wartungsarbeiten, wie zum Beispiel Fehleranalysen, Notfallreparaturen, Notfallbereitschaften u. v. m. bieten wir Ihnen auch am Wochenende an. Bei Bedarf k\u00f6nnen wir die Wartungsintervalle auch in Ihr QM-System einbinden. Ersatzteile Wenn Sie Original- sowie Alternativersatzteile in &hellip; <a href=\"https:\/\/www.kranprofisallgaeu.de\/?page_id=740\">Weiterlesen <span class=\"meta-nav\">&rarr;<\/span><\/a><\/p>\n","protected":false},"author":3,"featured_media":1080,"parent":696,"menu_order":2,"comment_status":"closed","ping_status":"closed","template":"","meta":{"footnotes":""},"class_list":["post-740","page","type-page","status-publish","has-post-thumbnail","hentry"],"_links":{"self":[{"href":"https:\/\/www.kranprofisallgaeu.de\/index.php?rest_route=\/wp\/v2\/pages\/740","targetHints":{"allow":["GET"]}}],"collection":[{"href":"https:\/\/www.kranprofisallgaeu.de\/index.php?rest_route=\/wp\/v2\/pages"}],"about":[{"href":"https:\/\/www.kranprofisallgaeu.de\/index.php?rest_route=\/wp\/v2\/types\/page"}],"author":[{"embeddable":true,"href":"https:\/\/www.kranprofisallgaeu.de\/index.php?rest_route=\/wp\/v2\/users\/3"}],"replies":[{"embeddable":true,"href":"https:\/\/www.kranprofisallgaeu.de\/index.php?rest_route=%2Fwp%2Fv2%2Fcomments&post=740"}],"version-history":[{"count":6,"href":"https:\/\/www.kranprofisallgaeu.de\/index.php?rest_route=\/wp\/v2\/pages\/740\/revisions"}],"predecessor-version":[{"id":932,"href":"https:\/\/www.kranprofisallgaeu.de\/index.php?rest_route=\/wp\/v2\/pages\/740\/revisions\/932"}],"up":[{"embeddable":true,"href":"https:\/\/www.kranprofisallgaeu.de\/index.php?rest_route=\/wp\/v2\/pages\/696"}],"wp:featuredmedia":[{"embeddable":true,"href":"https:\/\/www.kranprofisallgaeu.de\/index.php?rest_route=\/wp\/v2\/media\/1080"}],"wp:attachment":[{"href":"https:\/\/www.kranprofisallgaeu.de\/index.php?rest_route=%2Fwp%2Fv2%2Fmedia&parent=740"}],"curies":[{"name":"wp","href":"https:\/\/api.w.org\/{rel}","templated":true}]}}