{"id":660,"date":"2018-02-01T17:28:15","date_gmt":"2018-02-01T17:28:15","guid":{"rendered":"http:\/\/www.kranprofisallgaeu.de\/?page_id=660"},"modified":"2023-04-13T21:57:07","modified_gmt":"2023-04-13T19:57:07","slug":"turmdrehkrane","status":"publish","type":"page","link":"https:\/\/www.kranprofisallgaeu.de\/?page_id=660","title":{"rendered":"Turmdrehkrane"},"content":{"rendered":"<p>Turmdrehkrane sind f\u00fcr langfristigere Bauvorhaben unverzichtbar. Mit ihrer variablen Aufbauh\u00f6he und unterschiedlichen Auslegerl\u00e4ngen sind sie f\u00fcr jedes Bauvorhaben individuell konfektionierbar.<\/p>\n\n\n<ul class=\"wp-block-list\">\n<li><a href=\"https:\/\/www.kranprofisallgaeu.de\/?page_id=725\">Obendreher<\/a><\/li>\n\n\n\n<li><a href=\"https:\/\/www.kranprofisallgaeu.de\/?page_id=727\">Untendreher<\/a><\/li>\n<\/ul>\n\n\n\n<p>&nbsp;<\/p>\n<p>&nbsp;<\/p>\n\n\n\n<p><\/p>\n","protected":false},"excerpt":{"rendered":"<p>Turmdrehkrane sind f\u00fcr langfristigere Bauvorhaben unverzichtbar. Mit ihrer variablen Aufbauh\u00f6he und unterschiedlichen Auslegerl\u00e4ngen sind sie f\u00fcr jedes Bauvorhaben individuell konfektionierbar. &nbsp; &nbsp;<\/p>\n","protected":false},"author":3,"featured_media":1088,"parent":0,"menu_order":1,"comment_status":"closed","ping_status":"closed","template":"","meta":{"footnotes":""},"class_list":["post-660","page","type-page","status-publish","has-post-thumbnail","hentry"],"_links":{"self":[{"href":"https:\/\/www.kranprofisallgaeu.de\/index.php?rest_route=\/wp\/v2\/pages\/660","targetHints":{"allow":["GET"]}}],"collection":[{"href":"https:\/\/www.kranprofisallgaeu.de\/index.php?rest_route=\/wp\/v2\/pages"}],"about":[{"href":"https:\/\/www.kranprofisallgaeu.de\/index.php?rest_route=\/wp\/v2\/types\/page"}],"author":[{"embeddable":true,"href":"https:\/\/www.kranprofisallgaeu.de\/index.php?rest_route=\/wp\/v2\/users\/3"}],"replies":[{"embeddable":true,"href":"https:\/\/www.kranprofisallgaeu.de\/index.php?rest_route=%2Fwp%2Fv2%2Fcomments&post=660"}],"version-history":[{"count":11,"href":"https:\/\/www.kranprofisallgaeu.de\/index.php?rest_route=\/wp\/v2\/pages\/660\/revisions"}],"predecessor-version":[{"id":1180,"href":"https:\/\/www.kranprofisallgaeu.de\/index.php?rest_route=\/wp\/v2\/pages\/660\/revisions\/1180"}],"wp:featuredmedia":[{"embeddable":true,"href":"https:\/\/www.kranprofisallgaeu.de\/index.php?rest_route=\/wp\/v2\/media\/1088"}],"wp:attachment":[{"href":"https:\/\/www.kranprofisallgaeu.de\/index.php?rest_route=%2Fwp%2Fv2%2Fmedia&parent=660"}],"curies":[{"name":"wp","href":"https:\/\/api.w.org\/{rel}","templated":true}]}}