{"id":477,"date":"2015-02-13T15:43:45","date_gmt":"2015-02-13T15:43:45","guid":{"rendered":"http:\/\/www.kranprofisallgaeu.de\/?page_id=477"},"modified":"2020-05-04T16:00:10","modified_gmt":"2020-05-04T16:00:10","slug":"mobilkran","status":"publish","type":"page","link":"https:\/\/www.kranprofisallgaeu.de\/?page_id=477","title":{"rendered":"Mobilkran"},"content":{"rendered":"\n<p>Der Autokran verbindet kurzzeitige, mobile Kraneins\u00e4tze mit einem gel\u00e4ndeg\u00e4ngigen Fahrwerk und der F\u00e4higkeit schwerste Lasten zu bew\u00e4ltigen. Damit ist er bei der Montage von Obendrehern, Betonfertigteilen usw. heute nicht mehr wegzudenken.<\/p>\n\n\n\n<ul class=\"wp-block-list\"><li><a href=\"https:\/\/www.kranprofisallgaeu.de\/wp-content\/uploads\/2020\/05\/GMK_3060.pdf\">Grove GMK 3060<\/a><\/li><li><a href=\"https:\/\/www.kranprofisallgaeu.de\/wp-content\/uploads\/2020\/05\/GMK_4080.pdf\">Grove GMK 4080<\/a><\/li><li><a href=\"https:\/\/www.kranprofisallgaeu.de\/wp-content\/uploads\/2020\/05\/GMK_4100L.pdf\">Grove GMK 4100 L<\/a><\/li><li><a href=\"https:\/\/www.kranprofisallgaeu.de\/wp-content\/uploads\/2020\/05\/GMK_5130.pdf\">Grove GMK 5130<\/a><\/li><li><a href=\"https:\/\/www.kranprofisallgaeu.de\/wp-content\/uploads\/2020\/05\/GMK_5150L.pdf\">Grove GMK 5150 L<\/a><\/li><li><a href=\"https:\/\/www.kranprofisallgaeu.de\/wp-content\/uploads\/2020\/05\/GMK_5200.pdf\">Grove GMK 5200<\/a><\/li><li><a href=\"https:\/\/www.kranprofisallgaeu.de\/wp-content\/uploads\/2020\/05\/GMK_5250L.pdf\">Grove GMK 5250 L<\/a> <\/li><\/ul>\n\n\n\n<p>&nbsp;<\/p>\n<p>&nbsp;<\/p>\n","protected":false},"excerpt":{"rendered":"<p>Der Autokran verbindet kurzzeitige, mobile Kraneins\u00e4tze mit einem gel\u00e4ndeg\u00e4ngigen Fahrwerk und der F\u00e4higkeit schwerste Lasten zu bew\u00e4ltigen. Damit ist er bei der Montage von Obendrehern, Betonfertigteilen usw. heute nicht mehr wegzudenken. Grove GMK 3060 Grove GMK 4080 Grove GMK 4100 &hellip; <a href=\"https:\/\/www.kranprofisallgaeu.de\/?page_id=477\">Weiterlesen <span class=\"meta-nav\">&rarr;<\/span><\/a><\/p>\n","protected":false},"author":3,"featured_media":1081,"parent":0,"menu_order":2,"comment_status":"closed","ping_status":"open","template":"","meta":{"footnotes":""},"class_list":["post-477","page","type-page","status-publish","has-post-thumbnail","hentry"],"_links":{"self":[{"href":"https:\/\/www.kranprofisallgaeu.de\/index.php?rest_route=\/wp\/v2\/pages\/477","targetHints":{"allow":["GET"]}}],"collection":[{"href":"https:\/\/www.kranprofisallgaeu.de\/index.php?rest_route=\/wp\/v2\/pages"}],"about":[{"href":"https:\/\/www.kranprofisallgaeu.de\/index.php?rest_route=\/wp\/v2\/types\/page"}],"author":[{"embeddable":true,"href":"https:\/\/www.kranprofisallgaeu.de\/index.php?rest_route=\/wp\/v2\/users\/3"}],"replies":[{"embeddable":true,"href":"https:\/\/www.kranprofisallgaeu.de\/index.php?rest_route=%2Fwp%2Fv2%2Fcomments&post=477"}],"version-history":[{"count":18,"href":"https:\/\/www.kranprofisallgaeu.de\/index.php?rest_route=\/wp\/v2\/pages\/477\/revisions"}],"predecessor-version":[{"id":1125,"href":"https:\/\/www.kranprofisallgaeu.de\/index.php?rest_route=\/wp\/v2\/pages\/477\/revisions\/1125"}],"wp:featuredmedia":[{"embeddable":true,"href":"https:\/\/www.kranprofisallgaeu.de\/index.php?rest_route=\/wp\/v2\/media\/1081"}],"wp:attachment":[{"href":"https:\/\/www.kranprofisallgaeu.de\/index.php?rest_route=%2Fwp%2Fv2%2Fmedia&parent=477"}],"curies":[{"name":"wp","href":"https:\/\/api.w.org\/{rel}","templated":true}]}}